{"id":4705,"date":"2023-11-03T11:44:48","date_gmt":"2023-11-03T10:44:48","guid":{"rendered":"https:\/\/hi-capital.fr\/strategie\/"},"modified":"2026-02-23T17:04:01","modified_gmt":"2026-02-23T16:04:01","slug":"strategy","status":"publish","type":"page","link":"https:\/\/hi-capital.fr\/en\/strategy\/","title":{"rendered":"Strategy"},"content":{"rendered":"","protected":false},"excerpt":{"rendered":"","protected":false},"author":1,"featured_media":0,"parent":0,"menu_order":0,"comment_status":"closed","ping_status":"closed","template":"template-freesection.blade.php","meta":{"_acf_changed":false,"footnotes":""},"class_list":["post-4705","page","type-page","status-publish","hentry"],"acf":[],"yoast_head":"<!-- This site is optimized with the Yoast SEO plugin v26.7 - https:\/\/yoast.com\/wordpress\/plugins\/seo\/ -->\n<title>Strategy - Hi-Capital<\/title>\n<meta name=\"robots\" content=\"index, follow, max-snippet:-1, max-image-preview:large, max-video-preview:-1\" \/>\n<link rel=\"canonical\" href=\"https:\/\/hi-capital.fr\/en\/strategy\/\" \/>\n<meta property=\"og:locale\" content=\"en_US\" \/>\n<meta property=\"og:type\" content=\"article\" \/>\n<meta property=\"og:title\" content=\"Strategy - Hi-Capital\" \/>\n<meta property=\"og:url\" content=\"https:\/\/hi-capital.fr\/en\/strategy\/\" \/>\n<meta property=\"og:site_name\" content=\"Hi-Capital\" \/>\n<meta property=\"article:modified_time\" content=\"2026-02-23T16:04:01+00:00\" \/>\n<meta name=\"twitter:card\" content=\"summary_large_image\" \/>\n<meta name=\"twitter:label1\" content=\"Est. reading time\" \/>\n\t<meta name=\"twitter:data1\" content=\"9 minutes\" \/>\n<script type=\"application\/ld+json\" class=\"yoast-schema-graph\">{\"@context\":\"https:\/\/schema.org\",\"@graph\":[{\"@type\":\"WebPage\",\"@id\":\"https:\/\/hi-capital.fr\/en\/strategy\/\",\"url\":\"https:\/\/hi-capital.fr\/en\/strategy\/\",\"name\":\"Strategy - Hi-Capital\",\"isPartOf\":{\"@id\":\"https:\/\/hi-capital.fr\/#website\"},\"datePublished\":\"2023-11-03T10:44:48+00:00\",\"dateModified\":\"2026-02-23T16:04:01+00:00\",\"inLanguage\":\"en-US\",\"potentialAction\":[{\"@type\":\"ReadAction\",\"target\":[\"https:\/\/hi-capital.fr\/en\/strategy\/\"]}]},{\"@type\":\"WebSite\",\"@id\":\"https:\/\/hi-capital.fr\/#website\",\"url\":\"https:\/\/hi-capital.fr\/\",\"name\":\"Hi-Capital\",\"description\":\"la soci\u00e9t\u00e9 de soci\u00e9t\u00e9 de gestion de portefeuille d\u00e9di\u00e9e \u00e0 l\u2019hospitality\",\"publisher\":{\"@id\":\"https:\/\/hi-capital.fr\/#organization\"},\"inLanguage\":\"en-US\"},{\"@type\":\"Organization\",\"@id\":\"https:\/\/hi-capital.fr\/#organization\",\"name\":\"Hi-Capital\",\"url\":\"https:\/\/hi-capital.fr\/\",\"logo\":{\"@type\":\"ImageObject\",\"inLanguage\":\"en-US\",\"@id\":\"https:\/\/hi-capital.fr\/#\/schema\/logo\/image\/\",\"url\":\"https:\/\/hi-capital.fr\/app\/uploads\/2023\/11\/hic_capital_logo.png\",\"contentUrl\":\"https:\/\/hi-capital.fr\/app\/uploads\/2023\/11\/hic_capital_logo.png\",\"width\":181,\"height\":91,\"caption\":\"Hi-Capital\"},\"image\":{\"@id\":\"https:\/\/hi-capital.fr\/#\/schema\/logo\/image\/\"}}]}<\/script>\n<!-- \/ Yoast SEO plugin. -->","yoast_head_json":{"title":"Strategy - Hi-Capital","robots":{"index":"index","follow":"follow","max-snippet":"max-snippet:-1","max-image-preview":"max-image-preview:large","max-video-preview":"max-video-preview:-1"},"canonical":"https:\/\/hi-capital.fr\/en\/strategy\/","og_locale":"en_US","og_type":"article","og_title":"Strategy - Hi-Capital","og_url":"https:\/\/hi-capital.fr\/en\/strategy\/","og_site_name":"Hi-Capital","article_modified_time":"2026-02-23T16:04:01+00:00","twitter_card":"summary_large_image","twitter_misc":{"Est. reading time":"9 minutes"},"schema":{"@context":"https:\/\/schema.org","@graph":[{"@type":"WebPage","@id":"https:\/\/hi-capital.fr\/en\/strategy\/","url":"https:\/\/hi-capital.fr\/en\/strategy\/","name":"Strategy - Hi-Capital","isPartOf":{"@id":"https:\/\/hi-capital.fr\/#website"},"datePublished":"2023-11-03T10:44:48+00:00","dateModified":"2026-02-23T16:04:01+00:00","inLanguage":"en-US","potentialAction":[{"@type":"ReadAction","target":["https:\/\/hi-capital.fr\/en\/strategy\/"]}]},{"@type":"WebSite","@id":"https:\/\/hi-capital.fr\/#website","url":"https:\/\/hi-capital.fr\/","name":"Hi-Capital","description":"la soci\u00e9t\u00e9 de soci\u00e9t\u00e9 de gestion de portefeuille d\u00e9di\u00e9e \u00e0 l\u2019hospitality","publisher":{"@id":"https:\/\/hi-capital.fr\/#organization"},"inLanguage":"en-US"},{"@type":"Organization","@id":"https:\/\/hi-capital.fr\/#organization","name":"Hi-Capital","url":"https:\/\/hi-capital.fr\/","logo":{"@type":"ImageObject","inLanguage":"en-US","@id":"https:\/\/hi-capital.fr\/#\/schema\/logo\/image\/","url":"https:\/\/hi-capital.fr\/app\/uploads\/2023\/11\/hic_capital_logo.png","contentUrl":"https:\/\/hi-capital.fr\/app\/uploads\/2023\/11\/hic_capital_logo.png","width":181,"height":91,"caption":"Hi-Capital"},"image":{"@id":"https:\/\/hi-capital.fr\/#\/schema\/logo\/image\/"}}]}},"_links":{"self":[{"href":"https:\/\/hi-capital.fr\/en\/wp-json\/wp\/v2\/pages\/4705","targetHints":{"allow":["GET"]}}],"collection":[{"href":"https:\/\/hi-capital.fr\/en\/wp-json\/wp\/v2\/pages"}],"about":[{"href":"https:\/\/hi-capital.fr\/en\/wp-json\/wp\/v2\/types\/page"}],"author":[{"embeddable":true,"href":"https:\/\/hi-capital.fr\/en\/wp-json\/wp\/v2\/users\/1"}],"replies":[{"embeddable":true,"href":"https:\/\/hi-capital.fr\/en\/wp-json\/wp\/v2\/comments?post=4705"}],"version-history":[{"count":5,"href":"https:\/\/hi-capital.fr\/en\/wp-json\/wp\/v2\/pages\/4705\/revisions"}],"predecessor-version":[{"id":5595,"href":"https:\/\/hi-capital.fr\/en\/wp-json\/wp\/v2\/pages\/4705\/revisions\/5595"}],"wp:attachment":[{"href":"https:\/\/hi-capital.fr\/en\/wp-json\/wp\/v2\/media?parent=4705"}],"curies":[{"name":"wp","href":"https:\/\/api.w.org\/{rel}","templated":true}]}}